{"id":19,"date":"2022-09-21T12:28:17","date_gmt":"2022-09-21T12:28:17","guid":{"rendered":"https:\/\/professionnels.athome.lu\/?page_id=19"},"modified":"2023-01-03T10:08:40","modified_gmt":"2023-01-03T10:08:40","slug":"startseite","status":"publish","type":"page","link":"https:\/\/professionnels.athome.lu\/de\/","title":{"rendered":"Startseite"},"content":{"rendered":"","protected":false},"excerpt":{"rendered":"","protected":false},"author":1,"featured_media":98,"parent":0,"menu_order":0,"comment_status":"closed","ping_status":"closed","template":"","meta":{"footnotes":""},"class_list":["post-19","page","type-page","status-publish","has-post-thumbnail","hentry"],"yoast_head":"<!-- This site is optimized with the Yoast SEO plugin v27.3 - https:\/\/yoast.com\/product\/yoast-seo-wordpress\/ -->\n<title>Nos outils pour les Professionnels au Luxembourg - atHome.lu<\/title>\n<meta name=\"description\" content=\"D\u00e9couvrez l&#039;\u00e9cosyst\u00e8me unique pour les agences et promoteurs immobiliers au Luxembourg. La plateforme n\u00b01 sur tout le pays !\" \/>\n<meta name=\"robots\" content=\"index, follow, max-snippet:-1, max-image-preview:large, max-video-preview:-1\" \/>\n<link rel=\"canonical\" href=\"https:\/\/professionnels.athome.lu\/de\/\" \/>\n<meta property=\"og:locale\" content=\"de_DE\" \/>\n<meta property=\"og:type\" content=\"article\" \/>\n<meta property=\"og:title\" content=\"atHome\" \/>\n<meta property=\"og:description\" content=\"D\u00e9couvrez l&#039;\u00e9cosyst\u00e8me unique pour les agences et promoteurs immobiliers au Luxembourg. La plateforme n\u00b01 sur tout le pays !\" \/>\n<meta property=\"og:url\" content=\"https:\/\/professionnels.athome.lu\/de\/\" \/>\n<meta property=\"og:site_name\" content=\"atHome\" \/>\n<meta property=\"article:publisher\" content=\"https:\/\/www.facebook.com\/atHome.lu\" \/>\n<meta property=\"article:modified_time\" content=\"2023-01-03T10:08:40+00:00\" \/>\n<meta property=\"og:image\" content=\"https:\/\/professionnels.athome.lu\/wp-content\/uploads\/2022\/11\/produits_avantages_abo.jpg\" \/>\n\t<meta property=\"og:image:width\" content=\"1080\" \/>\n\t<meta property=\"og:image:height\" content=\"720\" \/>\n\t<meta property=\"og:image:type\" content=\"image\/jpeg\" \/>\n<meta name=\"twitter:card\" content=\"summary_large_image\" \/>\n<meta name=\"twitter:title\" content=\"atHome %\" \/>\n<meta name=\"twitter:description\" content=\"D\u00e9couvrez l&#039;\u00e9cosyst\u00e8me unique pour les agences et promoteurs immobiliers au Luxembourg. La plateforme n\u00b01 sur tout le pays !\" \/>\n<meta name=\"twitter:image\" content=\"https:\/\/professionnels.athome.lu\/wp-content\/uploads\/2022\/11\/produits_avantages_abo.jpg\" \/>\n<script type=\"application\/ld+json\" class=\"yoast-schema-graph\">{\"@context\":\"https:\\\/\\\/schema.org\",\"@graph\":[{\"@type\":\"WebPage\",\"@id\":\"https:\\\/\\\/professionnels.athome.lu\\\/\",\"url\":\"https:\\\/\\\/professionnels.athome.lu\\\/\",\"name\":\"Nos outils pour les Professionnels au Luxembourg - atHome.lu\",\"isPartOf\":{\"@id\":\"https:\\\/\\\/professionnels.athome.lu\\\/#website\"},\"primaryImageOfPage\":{\"@id\":\"https:\\\/\\\/professionnels.athome.lu\\\/#primaryimage\"},\"image\":{\"@id\":\"https:\\\/\\\/professionnels.athome.lu\\\/#primaryimage\"},\"thumbnailUrl\":\"https:\\\/\\\/professionnels.athome.lu\\\/wp-content\\\/uploads\\\/2022\\\/11\\\/produits_avantages_abo.jpg\",\"datePublished\":\"2022-09-21T12:28:17+00:00\",\"dateModified\":\"2023-01-03T10:08:40+00:00\",\"description\":\"D\u00e9couvrez l'\u00e9cosyst\u00e8me unique pour les agences et promoteurs immobiliers au Luxembourg. La plateforme n\u00b01 sur tout le pays !\",\"breadcrumb\":{\"@id\":\"https:\\\/\\\/professionnels.athome.lu\\\/#breadcrumb\"},\"inLanguage\":\"de\",\"potentialAction\":[{\"@type\":\"ReadAction\",\"target\":[\"https:\\\/\\\/professionnels.athome.lu\\\/\"]}]},{\"@type\":\"ImageObject\",\"inLanguage\":\"de\",\"@id\":\"https:\\\/\\\/professionnels.athome.lu\\\/#primaryimage\",\"url\":\"https:\\\/\\\/professionnels.athome.lu\\\/wp-content\\\/uploads\\\/2022\\\/11\\\/produits_avantages_abo.jpg\",\"contentUrl\":\"https:\\\/\\\/professionnels.athome.lu\\\/wp-content\\\/uploads\\\/2022\\\/11\\\/produits_avantages_abo.jpg\",\"width\":1080,\"height\":720},{\"@type\":\"BreadcrumbList\",\"@id\":\"https:\\\/\\\/professionnels.athome.lu\\\/#breadcrumb\",\"itemListElement\":[{\"@type\":\"ListItem\",\"position\":1,\"name\":\"Accueil\",\"item\":\"https:\\\/\\\/professionnels.athome.lu\\\/\"},{\"@type\":\"ListItem\",\"position\":2,\"name\":\"Accueil\"}]},{\"@type\":\"WebSite\",\"@id\":\"https:\\\/\\\/professionnels.athome.lu\\\/#website\",\"url\":\"https:\\\/\\\/professionnels.athome.lu\\\/\",\"name\":\"atHome\",\"description\":\"Un \u00e9cosyst\u00e8me unique pour les professionnels de l&#039;immobilier\",\"publisher\":{\"@id\":\"https:\\\/\\\/professionnels.athome.lu\\\/#organization\"},\"potentialAction\":[{\"@type\":\"SearchAction\",\"target\":{\"@type\":\"EntryPoint\",\"urlTemplate\":\"https:\\\/\\\/professionnels.athome.lu\\\/?s={search_term_string}\"},\"query-input\":{\"@type\":\"PropertyValueSpecification\",\"valueRequired\":true,\"valueName\":\"search_term_string\"}}],\"inLanguage\":\"de\"},{\"@type\":\"Organization\",\"@id\":\"https:\\\/\\\/professionnels.athome.lu\\\/#organization\",\"name\":\"atHome\",\"url\":\"https:\\\/\\\/professionnels.athome.lu\\\/\",\"logo\":{\"@type\":\"ImageObject\",\"inLanguage\":\"de\",\"@id\":\"https:\\\/\\\/professionnels.athome.lu\\\/#\\\/schema\\\/logo\\\/image\\\/\",\"url\":\"https:\\\/\\\/professionnels.athome.lu\\\/wp-content\\\/uploads\\\/2022\\\/11\\\/9703bb02-b627-c6ce-5c75-41980267deba.jpg\",\"contentUrl\":\"https:\\\/\\\/professionnels.athome.lu\\\/wp-content\\\/uploads\\\/2022\\\/11\\\/9703bb02-b627-c6ce-5c75-41980267deba.jpg\",\"width\":200,\"height\":66,\"caption\":\"atHome\"},\"image\":{\"@id\":\"https:\\\/\\\/professionnels.athome.lu\\\/#\\\/schema\\\/logo\\\/image\\\/\"},\"sameAs\":[\"https:\\\/\\\/www.facebook.com\\\/atHome.lu\"]}]}<\/script>\n<!-- \/ Yoast SEO plugin. -->","yoast_head_json":{"title":"Unsere Tools f\u00fcr Berufst\u00e4tige in Luxemburg - atHome.lu","description":"Entdecken Sie das einzigartige \u00d6kosystem f\u00fcr Immobilienmakler und -entwickler in Luxemburg. Die Plattform Nr. 1 im ganzen Land!","robots":{"index":"index","follow":"follow","max-snippet":"max-snippet:-1","max-image-preview":"max-image-preview:large","max-video-preview":"max-video-preview:-1"},"canonical":"https:\/\/professionnels.athome.lu\/de\/","og_locale":"de_DE","og_type":"article","og_title":"atHome","og_description":"D\u00e9couvrez l'\u00e9cosyst\u00e8me unique pour les agences et promoteurs immobiliers au Luxembourg. La plateforme n\u00b01 sur tout le pays !","og_url":"https:\/\/professionnels.athome.lu\/de\/","og_site_name":"atHome","article_publisher":"https:\/\/www.facebook.com\/atHome.lu","article_modified_time":"2023-01-03T10:08:40+00:00","og_image":[{"width":1080,"height":720,"url":"https:\/\/professionnels.athome.lu\/wp-content\/uploads\/2022\/11\/produits_avantages_abo.jpg","type":"image\/jpeg"}],"twitter_card":"summary_large_image","twitter_title":"atHome %","twitter_description":"D\u00e9couvrez l'\u00e9cosyst\u00e8me unique pour les agences et promoteurs immobiliers au Luxembourg. La plateforme n\u00b01 sur tout le pays !","twitter_image":"https:\/\/professionnels.athome.lu\/wp-content\/uploads\/2022\/11\/produits_avantages_abo.jpg","schema":{"@context":"https:\/\/schema.org","@graph":[{"@type":"WebPage","@id":"https:\/\/professionnels.athome.lu\/","url":"https:\/\/professionnels.athome.lu\/","name":"Unsere Tools f\u00fcr Berufst\u00e4tige in Luxemburg - atHome.lu","isPartOf":{"@id":"https:\/\/professionnels.athome.lu\/#website"},"primaryImageOfPage":{"@id":"https:\/\/professionnels.athome.lu\/#primaryimage"},"image":{"@id":"https:\/\/professionnels.athome.lu\/#primaryimage"},"thumbnailUrl":"https:\/\/professionnels.athome.lu\/wp-content\/uploads\/2022\/11\/produits_avantages_abo.jpg","datePublished":"2022-09-21T12:28:17+00:00","dateModified":"2023-01-03T10:08:40+00:00","description":"Entdecken Sie das einzigartige \u00d6kosystem f\u00fcr Immobilienmakler und -entwickler in Luxemburg. Die Plattform Nr. 1 im ganzen Land!","breadcrumb":{"@id":"https:\/\/professionnels.athome.lu\/#breadcrumb"},"inLanguage":"de","potentialAction":[{"@type":"ReadAction","target":["https:\/\/professionnels.athome.lu\/"]}]},{"@type":"ImageObject","inLanguage":"de","@id":"https:\/\/professionnels.athome.lu\/#primaryimage","url":"https:\/\/professionnels.athome.lu\/wp-content\/uploads\/2022\/11\/produits_avantages_abo.jpg","contentUrl":"https:\/\/professionnels.athome.lu\/wp-content\/uploads\/2022\/11\/produits_avantages_abo.jpg","width":1080,"height":720},{"@type":"BreadcrumbList","@id":"https:\/\/professionnels.athome.lu\/#breadcrumb","itemListElement":[{"@type":"ListItem","position":1,"name":"Accueil","item":"https:\/\/professionnels.athome.lu\/"},{"@type":"ListItem","position":2,"name":"Accueil"}]},{"@type":"WebSite","@id":"https:\/\/professionnels.athome.lu\/#website","url":"https:\/\/professionnels.athome.lu\/","name":"atHome","description":"Ein einzigartiges \u00d6kosystem f\u00fcr Immobilienexperten&#039;","publisher":{"@id":"https:\/\/professionnels.athome.lu\/#organization"},"potentialAction":[{"@type":"SearchAction","target":{"@type":"EntryPoint","urlTemplate":"https:\/\/professionnels.athome.lu\/?s={search_term_string}"},"query-input":{"@type":"PropertyValueSpecification","valueRequired":true,"valueName":"search_term_string"}}],"inLanguage":"de"},{"@type":"Organization","@id":"https:\/\/professionnels.athome.lu\/#organization","name":"atHome","url":"https:\/\/professionnels.athome.lu\/","logo":{"@type":"ImageObject","inLanguage":"de","@id":"https:\/\/professionnels.athome.lu\/#\/schema\/logo\/image\/","url":"https:\/\/professionnels.athome.lu\/wp-content\/uploads\/2022\/11\/9703bb02-b627-c6ce-5c75-41980267deba.jpg","contentUrl":"https:\/\/professionnels.athome.lu\/wp-content\/uploads\/2022\/11\/9703bb02-b627-c6ce-5c75-41980267deba.jpg","width":200,"height":66,"caption":"atHome"},"image":{"@id":"https:\/\/professionnels.athome.lu\/#\/schema\/logo\/image\/"},"sameAs":["https:\/\/www.facebook.com\/atHome.lu"]}]}},"_links":{"self":[{"href":"https:\/\/professionnels.athome.lu\/de\/wp-json\/wp\/v2\/pages\/19","targetHints":{"allow":["GET"]}}],"collection":[{"href":"https:\/\/professionnels.athome.lu\/de\/wp-json\/wp\/v2\/pages"}],"about":[{"href":"https:\/\/professionnels.athome.lu\/de\/wp-json\/wp\/v2\/types\/page"}],"author":[{"embeddable":true,"href":"https:\/\/professionnels.athome.lu\/de\/wp-json\/wp\/v2\/users\/1"}],"replies":[{"embeddable":true,"href":"https:\/\/professionnels.athome.lu\/de\/wp-json\/wp\/v2\/comments?post=19"}],"version-history":[{"count":3,"href":"https:\/\/professionnels.athome.lu\/de\/wp-json\/wp\/v2\/pages\/19\/revisions"}],"predecessor-version":[{"id":39,"href":"https:\/\/professionnels.athome.lu\/de\/wp-json\/wp\/v2\/pages\/19\/revisions\/39"}],"wp:featuredmedia":[{"embeddable":true,"href":"https:\/\/professionnels.athome.lu\/de\/wp-json\/wp\/v2\/media\/98"}],"wp:attachment":[{"href":"https:\/\/professionnels.athome.lu\/de\/wp-json\/wp\/v2\/media?parent=19"}],"curies":[{"name":"wp","href":"https:\/\/api.w.org\/{rel}","templated":true}]}}